{"id":2,"date":"2022-10-25T13:18:46","date_gmt":"2022-10-25T13:18:46","guid":{"rendered":"http:\/\/advokatcarlsen.dk\/wordpress\/?page_id=2"},"modified":"2024-12-26T10:02:15","modified_gmt":"2024-12-26T10:02:15","slug":"sample-page","status":"publish","type":"page","link":"https:\/\/advokatcarlsen.dk\/","title":{"rendered":"Forside"},"content":{"rendered":"\t\t<div data-elementor-type=\"wp-page\" data-elementor-id=\"2\" class=\"elementor elementor-2\">\n\t\t\t\t\t\t<section class=\"elementor-section elementor-top-section elementor-element elementor-element-39c628b9 elementor-section-stretched elementor-section-boxed elementor-section-height-default elementor-section-height-default\" data-id=\"39c628b9\" data-element_type=\"section\" data-settings=\"{&quot;stretch_section&quot;:&quot;section-stretched&quot;}\">\n\t\t\t\t\t\t<div class=\"elementor-container elementor-column-gap-no\">\n\t\t\t\t\t<div class=\"elementor-column elementor-col-100 elementor-top-column elementor-element elementor-element-56a56a12\" data-id=\"56a56a12\" data-element_type=\"column\">\n\t\t\t<div class=\"elementor-widget-wrap elementor-element-populated\">\n\t\t\t\t\t\t<div class=\"elementor-element elementor-element-a50d309 elementor-widget elementor-widget-image\" data-id=\"a50d309\" data-element_type=\"widget\" data-widget_type=\"image.default\">\n\t\t\t\t<div class=\"elementor-widget-container\">\n\t\t\t\t\t\t\t\t\t\t\t\t\t\t\t<img fetchpriority=\"high\" decoding=\"async\" width=\"595\" height=\"293\" src=\"https:\/\/advokatcarlsen.dk\/wp-content\/uploads\/2022\/10\/lokation.jpg\" class=\"attachment-large size-large wp-image-18\" alt=\"\" srcset=\"https:\/\/advokatcarlsen.dk\/wp-content\/uploads\/2022\/10\/lokation.jpg 595w, https:\/\/advokatcarlsen.dk\/wp-content\/uploads\/2022\/10\/lokation-300x148.jpg 300w\" sizes=\"(max-width: 595px) 100vw, 595px\" \/>\t\t\t\t\t\t\t\t\t\t\t\t\t\t\t<\/div>\n\t\t\t\t<\/div>\n\t\t\t\t\t<\/div>\n\t\t<\/div>\n\t\t\t\t\t<\/div>\n\t\t<\/section>\n\t\t\t\t<section class=\"elementor-section elementor-top-section elementor-element elementor-element-b3199ff elementor-section-boxed elementor-section-height-default elementor-section-height-default\" data-id=\"b3199ff\" data-element_type=\"section\">\n\t\t\t\t\t\t<div class=\"elementor-container elementor-column-gap-default\">\n\t\t\t\t\t<div class=\"elementor-column elementor-col-50 elementor-top-column elementor-element elementor-element-c4038de\" data-id=\"c4038de\" data-element_type=\"column\">\n\t\t\t<div class=\"elementor-widget-wrap\">\n\t\t\t\t\t\t\t<\/div>\n\t\t<\/div>\n\t\t\t\t<div class=\"elementor-column elementor-col-50 elementor-top-column elementor-element elementor-element-3dc17ce\" data-id=\"3dc17ce\" data-element_type=\"column\">\n\t\t\t<div class=\"elementor-widget-wrap\">\n\t\t\t\t\t\t\t<\/div>\n\t\t<\/div>\n\t\t\t\t\t<\/div>\n\t\t<\/section>\n\t\t\t\t<section class=\"elementor-section elementor-top-section elementor-element elementor-element-2c1ecd8 elementor-section-boxed elementor-section-height-default elementor-section-height-default\" data-id=\"2c1ecd8\" data-element_type=\"section\">\n\t\t\t\t\t\t<div class=\"elementor-container elementor-column-gap-default\">\n\t\t\t\t\t<div class=\"elementor-column elementor-col-25 elementor-top-column elementor-element elementor-element-c6b37c9\" data-id=\"c6b37c9\" data-element_type=\"column\">\n\t\t\t<div class=\"elementor-widget-wrap\">\n\t\t\t\t\t\t\t<\/div>\n\t\t<\/div>\n\t\t\t\t<div class=\"elementor-column elementor-col-25 elementor-top-column elementor-element elementor-element-a0e2838\" data-id=\"a0e2838\" data-element_type=\"column\">\n\t\t\t<div class=\"elementor-widget-wrap elementor-element-populated\">\n\t\t\t\t\t\t<div class=\"elementor-element elementor-element-94d862e elementor-widget elementor-widget-text-editor\" data-id=\"94d862e\" data-element_type=\"widget\" data-widget_type=\"text-editor.default\">\n\t\t\t\t<div class=\"elementor-widget-container\">\n\t\t\t\t\t\t\t\t\t<p><b>Hovedsagsomr\u00e5der:<\/b><\/p><ul><li>Skifte og d\u00f8dsbobehandling<\/li><li>Testamenter<\/li><li>\u00c6gtepagter<\/li><li>Fremtidsfuldmagter<\/li><li>Separation\/skilsmisse og bodeling<\/li><li>Berigtigelse og tinglysning af<br \/>ejendomsk\u00f8b<\/li><\/ul>\t\t\t\t\t\t\t\t<\/div>\n\t\t\t\t<\/div>\n\t\t\t\t<div class=\"elementor-element elementor-element-463d201 elementor-widget elementor-widget-image\" data-id=\"463d201\" data-element_type=\"widget\" data-widget_type=\"image.default\">\n\t\t\t\t<div class=\"elementor-widget-container\">\n\t\t\t\t\t\t\t\t\t\t\t\t<figure class=\"wp-caption\">\n\t\t\t\t\t\t\t\t\t\t\t<a href=\"https:\/\/podcasts.google.com\/feed\/aHR0cHM6Ly9hbmNob3IuZm0vcy82NDdhNmE0OC9wb2RjYXN0L3Jzcw\/episode\/YmRiN2VkMjgtNDA5MC00N2JkLTgzMTUtMjk3Mjc2MGRlNjA5?sa=X&#038;ved=0CAgQuIEEahcKEwjg87ip_av9AhUAAAAAHQAAAAAQAg\" target=\"_blank\">\n\t\t\t\t\t\t\t<img decoding=\"async\" width=\"300\" height=\"157\" src=\"https:\/\/advokatcarlsen.dk\/wp-content\/uploads\/2023\/02\/podcastCGC.png\" class=\"attachment-large size-large wp-image-110\" alt=\"\" \/>\t\t\t\t\t\t\t\t<\/a>\n\t\t\t\t\t\t\t\t\t\t\t<figcaption class=\"widget-image-caption wp-caption-text\">Podcast med advokat Carlsen og Georg Julin<\/figcaption>\n\t\t\t\t\t\t\t\t\t\t<\/figure>\n\t\t\t\t\t\t\t\t\t<\/div>\n\t\t\t\t<\/div>\n\t\t\t\t\t<\/div>\n\t\t<\/div>\n\t\t\t\t<div class=\"elementor-column elementor-col-25 elementor-top-column elementor-element elementor-element-ecc1634\" data-id=\"ecc1634\" data-element_type=\"column\">\n\t\t\t<div class=\"elementor-widget-wrap elementor-element-populated\">\n\t\t\t\t\t\t<div class=\"elementor-element elementor-element-76d8eac elementor-widget elementor-widget-text-editor\" data-id=\"76d8eac\" data-element_type=\"widget\" data-widget_type=\"text-editor.default\">\n\t\t\t\t<div class=\"elementor-widget-container\">\n\t\t\t\t\t\t\t\t\t<p><b>Kontoradresse:<\/b><\/p><p>Herlev Hovedgade 201A, 2.th., 2730 Herlev.<br \/>Tlf.:\u00a0<a href=\"tel:20210943\"><b>20 21 09 43<\/b><\/a><br \/>E-mail:\u00a0<a href=\"mailto:cgc@advokatcarlsen.dk\">cgc@advokatcarlsen.dk<\/a><\/p><p><b>\u00c5bningstider:<\/b><br \/>Mandag, Tirsdag, Torsdag, og Fredag fra 9 &#8211; 15<br \/>Onsdag lukket.<\/p><p>Beskikket af Det kgl. Danske Justitsministerium den 6. november 1978.<br \/>Forsikret i\u00a0HDI SPECIALTY DANMARK<\/p>\t\t\t\t\t\t\t\t<\/div>\n\t\t\t\t<\/div>\n\t\t\t\t\t<\/div>\n\t\t<\/div>\n\t\t\t\t<div class=\"elementor-column elementor-col-25 elementor-top-column elementor-element elementor-element-6341d51\" data-id=\"6341d51\" data-element_type=\"column\">\n\t\t\t<div class=\"elementor-widget-wrap\">\n\t\t\t\t\t\t\t<\/div>\n\t\t<\/div>\n\t\t\t\t\t<\/div>\n\t\t<\/section>\n\t\t\t\t<section class=\"elementor-section elementor-top-section elementor-element elementor-element-cf52d41 elementor-section-boxed elementor-section-height-default elementor-section-height-default\" data-id=\"cf52d41\" data-element_type=\"section\">\n\t\t\t\t\t\t<div class=\"elementor-container elementor-column-gap-default\">\n\t\t\t\t\t<div class=\"elementor-column elementor-col-100 elementor-top-column elementor-element elementor-element-8c95077\" data-id=\"8c95077\" data-element_type=\"column\">\n\t\t\t<div class=\"elementor-widget-wrap elementor-element-populated\">\n\t\t\t\t\t\t<div class=\"elementor-element elementor-element-973c4c7 elementor-widget elementor-widget-text-editor\" data-id=\"973c4c7\" data-element_type=\"widget\" data-widget_type=\"text-editor.default\">\n\t\t\t\t<div class=\"elementor-widget-container\">\n\t\t\t\t\t\t\t\t\t<p>obs. Fri parkering ( indk\u00f8rsel ad Virkeholm) og Bus 350S til d\u00f8ren.<\/p>\t\t\t\t\t\t\t\t<\/div>\n\t\t\t\t<\/div>\n\t\t\t\t\t<\/div>\n\t\t<\/div>\n\t\t\t\t\t<\/div>\n\t\t<\/section>\n\t\t\t\t<\/div>\n\t\t","protected":false},"excerpt":{"rendered":"<p>Hovedsagsomr\u00e5der: Skifte og d\u00f8dsbobehandling Testamenter \u00c6gtepagter Fremtidsfuldmagter Separation\/skilsmisse og bodeling Berigtigelse og tinglysning afejendomsk\u00f8b Podcast med advokat Carlsen og Georg Julin Kontoradresse: Herlev Hovedgade 201A, 2.th., 2730 Herlev.Tlf.:\u00a020 21 09 43E-mail:\u00a0cgc@advokatcarlsen.dk \u00c5bningstider:Mandag, Tirsdag, Torsdag, og Fredag fra 9 &#8211; 15Onsdag<\/p>\n","protected":false},"author":1,"featured_media":0,"parent":0,"menu_order":0,"comment_status":"closed","ping_status":"open","template":"","meta":{"footnotes":""},"class_list":["post-2","page","type-page","status-publish","hentry"],"_links":{"self":[{"href":"https:\/\/advokatcarlsen.dk\/index.php\/wp-json\/wp\/v2\/pages\/2","targetHints":{"allow":["GET"]}}],"collection":[{"href":"https:\/\/advokatcarlsen.dk\/index.php\/wp-json\/wp\/v2\/pages"}],"about":[{"href":"https:\/\/advokatcarlsen.dk\/index.php\/wp-json\/wp\/v2\/types\/page"}],"author":[{"embeddable":true,"href":"https:\/\/advokatcarlsen.dk\/index.php\/wp-json\/wp\/v2\/users\/1"}],"replies":[{"embeddable":true,"href":"https:\/\/advokatcarlsen.dk\/index.php\/wp-json\/wp\/v2\/comments?post=2"}],"version-history":[{"count":97,"href":"https:\/\/advokatcarlsen.dk\/index.php\/wp-json\/wp\/v2\/pages\/2\/revisions"}],"predecessor-version":[{"id":197,"href":"https:\/\/advokatcarlsen.dk\/index.php\/wp-json\/wp\/v2\/pages\/2\/revisions\/197"}],"wp:attachment":[{"href":"https:\/\/advokatcarlsen.dk\/index.php\/wp-json\/wp\/v2\/media?parent=2"}],"curies":[{"name":"wp","href":"https:\/\/api.w.org\/{rel}","templated":true}]}}